{"id":23,"date":"2014-01-30T04:14:09","date_gmt":"2014-01-30T04:14:09","guid":{"rendered":"http:\/\/mentalsanitas.com\/?page_id=23"},"modified":"2014-02-26T21:34:29","modified_gmt":"2014-02-26T21:34:29","slug":"inicio","status":"publish","type":"page","link":"https:\/\/mentalsanitas.com\/","title":{"rendered":"INICIO"},"content":{"rendered":"<p>MENTALSANITAS es una organizaci\u00f3n cuyo enfoque est\u00e1 orientado a la salud mental.<\/p>\n<p>Consideramos la salud mental como un estado de b\u00fasqueda y mantenimiento de la armon\u00eda consigo mismo y con la realidad circundante al yo.<\/p>\n<p>Est\u00e1 definici\u00f3n nos orienta en relaci\u00f3n a nuestra visi\u00f3n y misi\u00f3n. En ambos casos, la orientaci\u00f3n se basa en la concepci\u00f3n del ser humano como una unidad integrada en sus componentes f\u00edsico, psicol\u00f3gico, social y trascendental.<\/p>\n<p>Es sobre esta base antropol\u00f3gica que elaboramos nuestra visi\u00f3n:<\/p>\n<p>1. Procurar que el ser humano est\u00e9 prevenido en los aspectos suficientes en relaci\u00f3n a su salud mental.<\/p>\n<p>2. En el caso de que alguien sufra de desajustes en su salud mental, tratar de proponer medios de restauraci\u00f3n para un ajuste m\u00e1s adecuado.<\/p>\n<p>3. Ya restablecido el ajuste, proponer estrategias para el mantenimiento de su salud mental.<\/p>\n<p>Con esta visi\u00f3n, establecemos nuestra misi\u00f3n:<\/p>\n<p>1. Ofrecer recursos suficientes para el estudio de la personalidad.<\/p>\n<p>2. Desarrollar estrategias \u00fatiles para la prevenci\u00f3n en salud mental.<\/p>\n<p>3. Implementar sistemas de terapia al nivel que corresponda seg\u00fan la necesidad del caso.<\/p>\n<p>4. Contribuir con material apropiado para el enriquecimiento del yo en funci\u00f3n de su salud mental.<\/p>\n<p>&nbsp;<\/p>\n<p>&nbsp;<\/p>\n","protected":false},"excerpt":{"rendered":"<p>MENTALSANITAS es una organizaci\u00f3n cuyo enfoque est\u00e1 orientado a la salud mental. Consideramos la salud mental como un estado de b\u00fasqueda y mantenimiento de la armon\u00eda consigo mismo y con la realidad circundante al yo. Est\u00e1 definici\u00f3n nos orienta en relaci\u00f3n a nuestra visi\u00f3n y misi\u00f3n. En ambos casos, la orientaci\u00f3n se basa en la [&hellip;]<\/p>\n","protected":false},"author":1,"featured_media":0,"parent":0,"menu_order":0,"comment_status":"open","ping_status":"open","template":"","meta":{"footnotes":""},"class_list":["post-23","page","type-page","status-publish","hentry"],"_links":{"self":[{"href":"https:\/\/mentalsanitas.com\/index.php?rest_route=\/wp\/v2\/pages\/23","targetHints":{"allow":["GET"]}}],"collection":[{"href":"https:\/\/mentalsanitas.com\/index.php?rest_route=\/wp\/v2\/pages"}],"about":[{"href":"https:\/\/mentalsanitas.com\/index.php?rest_route=\/wp\/v2\/types\/page"}],"author":[{"embeddable":true,"href":"https:\/\/mentalsanitas.com\/index.php?rest_route=\/wp\/v2\/users\/1"}],"replies":[{"embeddable":true,"href":"https:\/\/mentalsanitas.com\/index.php?rest_route=%2Fwp%2Fv2%2Fcomments&post=23"}],"version-history":[{"count":3,"href":"https:\/\/mentalsanitas.com\/index.php?rest_route=\/wp\/v2\/pages\/23\/revisions"}],"predecessor-version":[{"id":66,"href":"https:\/\/mentalsanitas.com\/index.php?rest_route=\/wp\/v2\/pages\/23\/revisions\/66"}],"wp:attachment":[{"href":"https:\/\/mentalsanitas.com\/index.php?rest_route=%2Fwp%2Fv2%2Fmedia&parent=23"}],"curies":[{"name":"wp","href":"https:\/\/api.w.org\/{rel}","templated":true}]}}